{"id":1782,"date":"2022-12-12T10:05:29","date_gmt":"2022-12-12T09:05:29","guid":{"rendered":"https:\/\/www.thueringentherme.de\/ci\/?page_id=1782"},"modified":"2024-03-19T13:44:21","modified_gmt":"2024-03-19T12:44:21","slug":"lage-anreise","status":"publish","type":"page","link":"https:\/\/www.thueringentherme.de\/ci\/infos\/lage-anreise\/","title":{"rendered":"Lage &#038; Anreise"},"content":{"rendered":"\n[et_pb_section fb_built=&#8221;1&#8243; _builder_version=&#8221;4.23&#8243; _module_preset=&#8221;default&#8221; background_image=&#8221;https:\/\/www.thueringentherme.de\/ci\/wp-content\/uploads\/2021\/11\/paralax_therme.jpg&#8221; custom_margin=&#8221;||19px|||&#8221; custom_padding=&#8221;||118px|||&#8221; hover_enabled=&#8221;0&#8243; global_colors_info=&#8221;{}&#8221; title_text=&#8221;paralax_therme&#8221; sticky_enabled=&#8221;0&#8243;][et_pb_row _builder_version=&#8221;4.23&#8243; _module_preset=&#8221;default&#8221; global_colors_info=&#8221;{}&#8221;][et_pb_column type=&#8221;4_4&#8243; _builder_version=&#8221;4.23&#8243; _module_preset=&#8221;default&#8221; global_colors_info=&#8221;{}&#8221;][et_pb_text _builder_version=&#8221;4.23&#8243; _module_preset=&#8221;default&#8221; text_text_color=&#8221;#FFFFFF&#8221; header_font=&#8221;||||||||&#8221; header_font_size=&#8221;80px&#8221; global_colors_info=&#8221;{}&#8221;]<h1 style=\"text-align: center;\"><strong>Lage und Anreise<\/strong><\/h1>\n[\/et_pb_text][\/et_pb_column][\/et_pb_row][\/et_pb_section][et_pb_section fb_built=&#8221;1&#8243; admin_label=&#8221;About&#8221; _builder_version=&#8221;4.16&#8243; custom_padding=&#8221;||23px|||&#8221; global_colors_info=&#8221;{}&#8221;][et_pb_row custom_padding_last_edited=&#8221;on|desktop&#8221; admin_label=&#8221;Zeile&#8221; _builder_version=&#8221;4.16&#8243; width=&#8221;100%&#8221; custom_padding=&#8221;27px||27px||false|false&#8221; custom_padding_tablet=&#8221;|0px||0px||true&#8221; custom_padding_phone=&#8221;&#8221; global_colors_info=&#8221;{}&#8221;][et_pb_column type=&#8221;4_4&#8243; _builder_version=&#8221;4.16&#8243; custom_padding=&#8221;|||&#8221; global_colors_info=&#8221;{}&#8221; custom_padding__hover=&#8221;|||&#8221;][et_pb_text _builder_version=&#8221;4.23&#8243; text_font_size=&#8221;16px&#8221; text_line_height=&#8221;2em&#8221; header_font=&#8221;||||||||&#8221; header_text_color=&#8221;#000000&#8243; header_line_height=&#8221;1.2em&#8221; header_2_font=&#8221;||||||||&#8221; header_2_font_size=&#8221;29px&#8221; header_2_line_height=&#8221;1.2em&#8221; header_3_font=&#8221;||||||||&#8221; header_6_font=&#8221;Raleway|700||on|||||&#8221; header_6_font_size=&#8221;16px&#8221; header_6_letter_spacing=&#8221;5px&#8221; header_6_line_height=&#8221;1.8em&#8221; text_orientation=&#8221;center&#8221; max_width_last_edited=&#8221;off|desktop&#8221; module_alignment=&#8221;center&#8221; header_2_font_size_tablet=&#8221;35px&#8221; header_2_font_size_phone=&#8221;25px&#8221; header_2_font_size_last_edited=&#8221;on|phone&#8221; global_colors_info=&#8221;{}&#8221;]<h2 style=\"text-align: center;\"><strong>So erreichen Sie uns<\/strong><\/h2>\n[\/et_pb_text][\/et_pb_column][\/et_pb_row][et_pb_row custom_padding_last_edited=&#8221;on|desktop&#8221; admin_label=&#8221;Zeile&#8221; _builder_version=&#8221;4.23&#8243; width=&#8221;100%&#8221; custom_padding=&#8221;27px||27px||false|false&#8221; custom_padding_tablet=&#8221;|0px||0px||true&#8221; custom_padding_phone=&#8221;&#8221; global_colors_info=&#8221;{}&#8221;][et_pb_column type=&#8221;4_4&#8243; _builder_version=&#8221;4.16&#8243; custom_padding=&#8221;|||&#8221; global_colors_info=&#8221;{}&#8221; custom_padding__hover=&#8221;|||&#8221;][et_pb_text _builder_version=&#8221;4.23&#8243; text_font_size=&#8221;16px&#8221; text_line_height=&#8221;2em&#8221; header_font=&#8221;||||||||&#8221; header_2_font=&#8221;Raleway|700|||||||&#8221; header_2_font_size=&#8221;50px&#8221; header_2_line_height=&#8221;1.2em&#8221; header_6_font=&#8221;Raleway|700||on|||||&#8221; header_6_font_size=&#8221;16px&#8221; header_6_letter_spacing=&#8221;5px&#8221; header_6_line_height=&#8221;1.8em&#8221; text_orientation=&#8221;center&#8221; max_width=&#8221;62%&#8221; max_width_tablet=&#8221;62%&#8221; max_width_phone=&#8221;100%&#8221; max_width_last_edited=&#8221;on|phone&#8221; module_alignment=&#8221;center&#8221; header_2_font_size_tablet=&#8221;35px&#8221; header_2_font_size_phone=&#8221;25px&#8221; header_2_font_size_last_edited=&#8221;on|phone&#8221; global_colors_info=&#8221;{}&#8221;]<h4><span>Die TH\u00dcRINGENTHERME erreichen Sie einfach und unkompliziert mit Auto und Bus oder Bahn. Mit unserem Routenplaner erhalten Sie mit einem Klick eine individuelle Anfahrtsbeschreibung. F\u00fcr eine bequeme Anreise beachten Sie am besten auch unsere Tipps, die wir f\u00fcr Sie zusammengestellt haben.<\/span><\/h4>\n<h4><span><strong><\/strong><\/span><\/h4>\n<h4><span><strong>Wir w\u00fcnschen Ihnen eine gute &amp; sichere Anreise.<\/strong><\/span><\/h4>\n[\/et_pb_text][\/et_pb_column][\/et_pb_row][\/et_pb_section][et_pb_section fb_built=&#8221;1&#8243; _builder_version=&#8221;4.19.2&#8243; _module_preset=&#8221;default&#8221; background_color=&#8221;#e8e8e8&#8243; custom_padding=&#8221;||||false|false&#8221; global_colors_info=&#8221;{}&#8221;][et_pb_row column_structure=&#8221;1_2,1_2&#8243; custom_padding_last_edited=&#8221;on|tablet&#8221; _builder_version=&#8221;4.19.2&#8243; _module_preset=&#8221;default&#8221; width=&#8221;100%&#8221; width_tablet=&#8221;100%&#8221; width_phone=&#8221;100%&#8221; width_last_edited=&#8221;on|desktop&#8221; custom_padding_tablet=&#8221;&#8221; custom_padding_phone=&#8221;&#8221; global_colors_info=&#8221;{}&#8221;][et_pb_column type=&#8221;1_2&#8243; _builder_version=&#8221;4.19.2&#8243; _module_preset=&#8221;default&#8221; global_colors_info=&#8221;{}&#8221;][et_pb_text _builder_version=&#8221;4.19.2&#8243; _module_preset=&#8221;default&#8221; max_width_tablet=&#8221;&#8221; max_width_phone=&#8221;&#8221; max_width_last_edited=&#8221;on|phone&#8221; custom_padding_tablet=&#8221;|0px||0px|false|false&#8221; global_colors_info=&#8221;{}&#8221;]<link rel=\"stylesheet\" href=\"https:\/\/www.thueringentherme.de\/ci\/wp-content\/themes\/thueringentherme\/includes\/map\/lib\/leaflet.css\" type=\"text\/css\"\n    media=\"screen\" \/>\n\n<style>\n#map {\n    height: 280px;\n}\n\n.leaflet-control-zoom.leaflet-bar.leaflet-control {\n    background: white !important;\n    text-align: center !important;\n    border: 2px solid rgba(0, 0, 0, 0.2) !important;\n    margin-left: 10px !important;\n    margin-top: 10px !important;\n    border-radius: 4px !important;\n}\n\na.leaflet-control-zoom-in,\na.leaflet-control-zoom-out {\n    color: black !important;\n    line-height: 30px !important;\n    border-bottom: 1px solid #ccc !important;\n}\n\n.leaflet-bar a:hover,\n.leaflet-bar a:focus {\n    background-color: #f4f4f4 !important;\n}\n\n.leaflet-touch .leaflet-bar a:first-child {\n    border-top-left-radius: 2px !important;\n    border-top-right-radius: 2px !important;\n}\n\n.leaflet-touch .leaflet-bar a:last-child {\n    border-bottom-left-radius: 2px !important;\n    border-bottom-right-radius: 2px !important;\n}\n\n.leaflet-control-attribution {\n    background: white !important;\n    padding: 0 5px !important;\n}\n<\/style>\n<div id=\"map\"><\/div>\n\n<script src=\"https:\/\/www.thueringentherme.de\/ci\/wp-content\/themes\/thueringentherme\/includes\/map\/lib\/leaflet.js\"><\/script>\n<script>\nconst latLgn = [51.204916, 10.456224]\nconst map = L.map('map', {\n    scrollWheelZoom: !L.Browser.mobile\n}).setView(latLgn, 15);\n\nconst tiles = L.tileLayer('https:\/\/tile.openstreetmap.org\/{z}\/{x}\/{y}.png', {\n    maxZoom: 19,\n    attribution: '&copy; <a href=\"http:\/\/www.openstreetmap.org\/copyright\">OpenStreetMap<\/a>'\n}).addTo(map);\n\nvar Icon = L.icon({\n    iconUrl: 'https:\/\/www.thueringentherme.de\/ci\/wp-content\/themes\/thueringentherme\/includes\/map\/lib\/marker.svg',\n\n    iconSize: [33, 50], \/\/ size of the icon\n    iconAnchor: [12, 50], \/\/ point of the icon which will correspond to marker's location\n    popupAnchor: [0, -30] \/\/ point from which the popup should open relative to the iconAnchor\n});\n\nconst marker = L.marker(latLgn, {\n    icon: Icon\n}).addTo(map)\n<\/script>\n<style>\nbody #map {\n    height: 380px !important;\n}\n<\/style>\n[\/et_pb_text][\/et_pb_column][et_pb_column type=&#8221;1_2&#8243; _builder_version=&#8221;4.19.2&#8243; _module_preset=&#8221;default&#8221; global_colors_info=&#8221;{}&#8221;][et_pb_text _builder_version=&#8221;4.19.2&#8243; _module_preset=&#8221;default&#8221; header_font=&#8221;||||||||&#8221; header_2_font=&#8221;|600|||||||&#8221; custom_padding_tablet=&#8221;|0px||0px|false|false&#8221; global_colors_info=&#8221;{}&#8221;]<h2>Kontaktadresse<\/h2>\n<p>\u00a0<br \/><strong>Haupteingang (fu\u00dfl\u00e4ufig):<br \/><\/strong><span style=\"font-family: -apple-system, BlinkMacSystemFont, 'Segoe UI', Roboto, 'Helvetica Neue', Arial, 'Noto Sans', sans-serif, 'Apple Color Emoji', 'Segoe UI Emoji', 'Segoe UI Symbol', 'Noto Color Emoji';\">Lindenb\u00fchl 10<br \/><\/span><span style=\"font-family: -apple-system, BlinkMacSystemFont, 'Segoe UI', Roboto, 'Helvetica Neue', Arial, 'Noto Sans', sans-serif, 'Apple Color Emoji', 'Segoe UI Emoji', 'Segoe UI Symbol', 'Noto Color Emoji';\">99974 M\u00fchlhausen\/Th\u00fcringen<\/span><strong><\/strong><strong> <\/strong><\/p>\n<p><strong><\/strong><\/p>\n<p><strong>Adresse f\u00fcr Ihr Navigationssystem<br \/><\/strong>(Tiefgarage)<strong><br \/><\/strong><span>Brunnenstra\u00dfe 121<br \/><\/span><span>99974 M\u00fchlhausen\/Th\u00fcringen<\/span><\/p>\n<div>\n<div>\n<div class=\"vk_sh vk_bk\">\n<p><span class=\"desktop-title-subcontent\"><\/span><\/p>\n<p><span class=\"desktop-title-subcontent\"><\/span><\/p>\n<\/div>\n<\/div>\n<\/div>\n<div class=\"Uekwlc QzqPSc\">\n<div class=\"pBr83e\"><\/div>\n<\/div>\n<p>Tel. :\u00a0 <a href=\"tel:+49360140123\">03601\/ 40 12 3<\/a><br \/>E-Mail : <a href=\"mailto:info@thueringentherme.de\">info@thueringentherme.de<\/a><\/p>\n[\/et_pb_text][et_pb_button button_url=&#8221;https:\/\/www.google.com\/maps\/dir\/\/thueringentherme\/@51.2057019,10.421131,13z\/data=!4m8!4m7!1m0!1m5!1m1!1s0x4171be96cbb32201:0x9ee75ac7dabfaa8a!2m2!1d10.4561507!2d51.2056518&#8243; url_new_window=&#8221;on&#8221; button_text=&#8221;Anfahrt mit Google Maps&#8221; _builder_version=&#8221;4.19.2&#8243; _module_preset=&#8221;07aec244-ba3d-4cb6-855a-999700f2ea7c&#8221; button_border_width=&#8221;0px&#8221; button_font=&#8221;|700|||||||&#8221; global_colors_info=&#8221;{}&#8221;][\/et_pb_button][\/et_pb_column][\/et_pb_row][\/et_pb_section][et_pb_section fb_built=&#8221;1&#8243; _builder_version=&#8221;4.19.2&#8243; _module_preset=&#8221;default&#8221; global_colors_info=&#8221;{}&#8221;][et_pb_row column_structure=&#8221;1_4,1_4,1_4,1_4&#8243; _builder_version=&#8221;4.20.2&#8243; _module_preset=&#8221;default&#8221; global_colors_info=&#8221;{}&#8221;][et_pb_column type=&#8221;1_4&#8243; _builder_version=&#8221;4.19.2&#8243; _module_preset=&#8221;default&#8221; custom_padding_tablet=&#8221;||80px||false|false&#8221; custom_padding_phone=&#8221;||80px||false|false&#8221; custom_padding_last_edited=&#8221;on|phone&#8221; global_colors_info=&#8221;{}&#8221;][et_pb_text _builder_version=&#8221;4.20.2&#8243; _module_preset=&#8221;default&#8221; header_font=&#8221;||||||||&#8221; header_2_font=&#8221;|700|||||||&#8221; custom_margin=&#8221;||20px||false|false&#8221; global_colors_info=&#8221;{}&#8221;]<h2>Anreise mit dem Auto<\/h2>\n[\/et_pb_text][et_pb_text _builder_version=&#8221;4.23&#8243; _module_preset=&#8221;default&#8221; header_font=&#8221;||||||||&#8221; header_2_font=&#8221;|700|||||||&#8221; global_colors_info=&#8221;{}&#8221;]<p><span><\/span><\/p>\n<p><span>Aus\u00a0<\/span><strong>Richtung Bad Hersfeld <\/strong><span>kommend auf der A 4 w\u00e4hlen Sie die Abfahrt &#8220;Eisenach-West&#8221;.<br \/><\/span><span>Nehmen Sie die L 1016 bis nach M\u00fchlhausen. Fahren Sie Richtung M\u00fchlh\u00e4user Innenstadt \u00fcber die B 247 in die Brunnenstra\u00dfe B 249 (vor der Polizei einbiegen).<\/span><\/p>\n<p><span>Aus\u00a0<\/span><strong>Richtung Erfurt <\/strong><span>kommend fahren Sie auf der B 176 und B 247 <\/span><span>bis M\u00fchlhausen. Fahren Sie Richtung M\u00fchlh\u00e4user Innenstadt \u00fcber die B 247 in die Brunnenstra\u00dfe B 249 (vor der Polizei einbiegen).<\/span><\/p>\n<p><span>Aus\u00a0<\/span><strong>Richtung Halle\/Leipzig <\/strong><span>kommend auf der A 38 w\u00e4hlen Sie die Abfahrt &#8220;Leinefelde-Worbis&#8221;.<br \/><\/span><span>Nehmen Sie die B 247 bis nach M\u00fchlhausen. Fahren Sie Richtung M\u00fchlh\u00e4user Innenstadt \u00fcber den Blobach in die Brunnenstra\u00dfe 121.<\/span><span><\/span><\/p>\n<p><span>Aus\u00a0<strong>Richtung G\u00f6ttingen\/Hannover\/Kassel\/A7<\/strong> nehmen Sie die Abfahrt &#8220;Drammetal&#8221; auf die A 38 Richtung Halle\/Leipzig. Auf der A 38 w\u00e4hlen Sie die Abfahrt &#8220;Leinefelde-Worbis&#8221;.<br \/>Nehmen Sie die B 247 bis nach M\u00fchlhausen. Fahren Sie Richtung M\u00fchlh\u00e4user Innenstadt \u00fcber den Blobach in die Brunnenstra\u00dfe 121.<\/span><\/p>\n<p>___<span><\/span><\/p>\n<p><span>An der Therme stehen Ihnen ausreichend kostenpflichtige Parkpl\u00e4tze in unserer Tiefgarage oder in direkter Umgebung zur Verf\u00fcgung.<\/span><\/p>\n[\/et_pb_text][\/et_pb_column][et_pb_column type=&#8221;1_4&#8243; _builder_version=&#8221;4.20.2&#8243; _module_preset=&#8221;default&#8221; global_colors_info=&#8221;{}&#8221;][et_pb_text _builder_version=&#8221;4.23&#8243; _module_preset=&#8221;default&#8221; header_font=&#8221;||||||||&#8221; header_2_font=&#8221;|700|||||||&#8221; custom_margin=&#8221;||20px||false|false&#8221; global_colors_info=&#8221;{}&#8221;]<h2>Tiefgarage TH\u00dcRINGENTHERME<\/h2>\n[\/et_pb_text][et_pb_text _builder_version=&#8221;4.23&#8243; _module_preset=&#8221;default&#8221; header_font=&#8221;||||||||&#8221; header_2_font=&#8221;|700|||||||&#8221; global_colors_info=&#8221;{}&#8221;]<p>Die Tiefgarage erreichen Sie \u00fcber die Brunnenstra\u00dfe. <strong>Bitte beachten Sie die Durchfahrtsh\u00f6he von 1,95 m.<\/strong> Dachaufbauten sollten Sie vor dem Einfahren entfernen. Unser Parkhaus verf\u00fcgt \u00fcber zwei Ebenen. Der Zugang zur TH\u00dcRINGENTHERME erfolgt \u00fcber ein Treppenhaus bzw. einen Lift.\u00a0<\/p>\n<p><strong>Bitte beachten Sie, dass am Kassenautomat nur mit Bargeld und kleinen Geldscheinen gezahlt werden kann.\u00a0<\/strong><\/p>\n[\/et_pb_text][\/et_pb_column][et_pb_column type=&#8221;1_4&#8243; _builder_version=&#8221;4.19.2&#8243; _module_preset=&#8221;default&#8221; custom_padding_tablet=&#8221;||80px||false|false&#8221; custom_padding_phone=&#8221;||80px||false|false&#8221; custom_padding_last_edited=&#8221;on|tablet&#8221; global_colors_info=&#8221;{}&#8221;][et_pb_text _builder_version=&#8221;4.19.2&#8243; _module_preset=&#8221;default&#8221; header_font=&#8221;||||||||&#8221; header_2_font=&#8221;|700|||||||&#8221; custom_margin=&#8221;||20px||false|false&#8221; global_colors_info=&#8221;{}&#8221;]<h2>Anreise mit der Bahn<\/h2>\n[\/et_pb_text][et_pb_text _builder_version=&#8221;4.23&#8243; _module_preset=&#8221;default&#8221; header_font=&#8221;||||||||&#8221; header_2_font=&#8221;|700|||||||&#8221; global_colors_info=&#8221;{}&#8221;]<p><span><\/span><\/p>\n<p><span>Die n\u00e4chstgelegenen Haltestellen sind:<\/span><\/p>\n<p><span>ICE-Bahnhof Erfurt (ca. 50 km entfernt, mit der Regionalbahn ca. 52 min nach M\u00fchlhausen)<br \/><a href=\"https:\/\/www.google.com\/maps\/dir\/Erfurt+Hbf,+Willy-Brandt-Platz,+Erfurt\/M%C3%BChlhausen%2FTh%C3%BCringen\/@51.0916867,10.6250422,11z\/data=!3m1!4b1!4m14!4m13!1m5!1m1!1s0x47a472b88e6f3f81:0xe918c421ee38f454!2m2!1d11.038239!2d50.972454!1m5!1m1!1s0x47a4ed69869e8719:0x4208ec174356c30!2m2!1d10.4659026!2d51.2106556!3e3\" target=\"_blank\" rel=\"noopener\">mehr Informationen<\/a><\/span><\/p>\n<p><span>ICE-Bahnhof Eisenach (ca. 40 km entfernt, mit der Regionalbahn ca. 50 min nach M\u00fchlhausen)<br \/><a href=\"https:\/\/www.google.com\/maps\/dir\/Eisenach,+Bahnhofstra%C3%9Fe,+Eisenach\/M%C3%BChlhausen%2FTh%C3%BCringen\/@51.0565052,10.5362416,11z\/data=!4m15!4m14!1m5!1m1!1s0x47a49b7e9dc75f93:0x533d93b674a20bae!2m2!1d10.331563!2d50.9764797!1m5!1m1!1s0x47a4ed69869e8719:0x4208ec174356c30!2m2!1d10.4659026!2d51.2106556!3e3!5i3\" target=\"_blank\" rel=\"noopener\">mehr Informationen<\/a><\/span><span><\/span><\/p>\n[\/et_pb_text][\/et_pb_column][et_pb_column type=&#8221;1_4&#8243; _builder_version=&#8221;4.19.2&#8243; _module_preset=&#8221;default&#8221; global_colors_info=&#8221;{}&#8221;][et_pb_text _builder_version=&#8221;4.19.2&#8243; _module_preset=&#8221;default&#8221; header_font=&#8221;||||||||&#8221; header_2_font=&#8221;|700|||||||&#8221; custom_margin=&#8221;||20px||false|false&#8221; global_colors_info=&#8221;{}&#8221;]<h2>Anreise mit dem Bus<\/h2>\n[\/et_pb_text][et_pb_text _builder_version=&#8221;4.23&#8243; _module_preset=&#8221;default&#8221; header_font=&#8221;||||||||&#8221; header_2_font=&#8221;|700|||||||&#8221; global_colors_info=&#8221;{}&#8221;]<p><span><\/span><\/p>\n<p><span><\/span><\/p>\n<p><span>Die Anreise ist auch mit dem Stadtbus m\u00f6glich. Routen und Abfahrtszeiten entnehmen Sie bitte folgendem <a href=\"https:\/\/www.regionalbus.de\/service\/verbindung-suchen\" target=\"_blank\" rel=\"noopener\">Link<\/a>.<\/span><\/p>\n[\/et_pb_text][\/et_pb_column][\/et_pb_row][\/et_pb_section]\n","protected":false},"excerpt":{"rendered":"<p>Lage und Anreise So erreichen Sie uns Die&#8230;<\/p>\n","protected":false},"author":1,"featured_media":0,"parent":608,"menu_order":45,"comment_status":"closed","ping_status":"closed","template":"","meta":{"_custom_body_class":"","_custom_post_class":"","_et_pb_use_builder":"on","_et_pb_old_content":"","_et_gb_content_width":"","footnotes":""},"categories":[19],"tags":[],"class_list":["post-1782","page","type-page","status-publish","hentry","category-infos"],"yoast_head":"<!-- This site is optimized with the Yoast SEO plugin v27.5 - https:\/\/yoast.com\/product\/yoast-seo-wordpress\/ -->\n<title>Lage &amp; Anreise - Th\u00fcringentherme<\/title>\n<meta name=\"description\" content=\"Hier finden Sie Informationen, wie Sie uns am Besten erreichen. Nutzen Sie die Routenf\u00fchrung \u00fcber Google Maps.\" \/>\n<meta name=\"robots\" content=\"index, follow, max-snippet:-1, max-image-preview:large, max-video-preview:-1\" \/>\n<link rel=\"canonical\" href=\"https:\/\/www.thueringentherme.de\/ci\/infos\/lage-anreise\/\" \/>\n<meta property=\"og:locale\" content=\"de_DE\" \/>\n<meta property=\"og:type\" content=\"article\" \/>\n<meta property=\"og:title\" content=\"Lage &amp; Anreise - Th\u00fcringentherme\" \/>\n<meta property=\"og:description\" content=\"Hier finden Sie Informationen, wie Sie uns am Besten erreichen. Nutzen Sie die Routenf\u00fchrung \u00fcber Google Maps.\" \/>\n<meta property=\"og:url\" content=\"https:\/\/www.thueringentherme.de\/ci\/infos\/lage-anreise\/\" \/>\n<meta property=\"og:site_name\" content=\"Th\u00fcringentherme\" \/>\n<meta property=\"article:modified_time\" content=\"2024-03-19T12:44:21+00:00\" \/>\n<meta name=\"twitter:card\" content=\"summary_large_image\" \/>\n<meta name=\"twitter:label1\" content=\"Gesch\u00e4tzte Lesezeit\" \/>\n\t<meta name=\"twitter:data1\" content=\"4\u00a0Minuten\" \/>\n<script type=\"application\/ld+json\" class=\"yoast-schema-graph\">{\"@context\":\"https:\\\/\\\/schema.org\",\"@graph\":[{\"@type\":\"WebPage\",\"@id\":\"https:\\\/\\\/www.thueringentherme.de\\\/ci\\\/infos\\\/lage-anreise\\\/\",\"url\":\"https:\\\/\\\/www.thueringentherme.de\\\/ci\\\/infos\\\/lage-anreise\\\/\",\"name\":\"Lage & Anreise - Th\u00fcringentherme\",\"isPartOf\":{\"@id\":\"https:\\\/\\\/www.thueringentherme.de\\\/ci\\\/#website\"},\"datePublished\":\"2022-12-12T09:05:29+00:00\",\"dateModified\":\"2024-03-19T12:44:21+00:00\",\"description\":\"Hier finden Sie Informationen, wie Sie uns am Besten erreichen. Nutzen Sie die Routenf\u00fchrung \u00fcber Google Maps.\",\"breadcrumb\":{\"@id\":\"https:\\\/\\\/www.thueringentherme.de\\\/ci\\\/infos\\\/lage-anreise\\\/#breadcrumb\"},\"inLanguage\":\"de\",\"potentialAction\":[{\"@type\":\"ReadAction\",\"target\":[\"https:\\\/\\\/www.thueringentherme.de\\\/ci\\\/infos\\\/lage-anreise\\\/\"]}]},{\"@type\":\"BreadcrumbList\",\"@id\":\"https:\\\/\\\/www.thueringentherme.de\\\/ci\\\/infos\\\/lage-anreise\\\/#breadcrumb\",\"itemListElement\":[{\"@type\":\"ListItem\",\"position\":1,\"name\":\"Infos\",\"item\":\"https:\\\/\\\/www.thueringentherme.de\\\/ci\\\/infos\\\/\"},{\"@type\":\"ListItem\",\"position\":2,\"name\":\"Lage &#038; Anreise\"}]},{\"@type\":\"WebSite\",\"@id\":\"https:\\\/\\\/www.thueringentherme.de\\\/ci\\\/#website\",\"url\":\"https:\\\/\\\/www.thueringentherme.de\\\/ci\\\/\",\"name\":\"Th\u00fcringentherme\",\"description\":\"\",\"potentialAction\":[{\"@type\":\"SearchAction\",\"target\":{\"@type\":\"EntryPoint\",\"urlTemplate\":\"https:\\\/\\\/www.thueringentherme.de\\\/ci\\\/?s={search_term_string}\"},\"query-input\":{\"@type\":\"PropertyValueSpecification\",\"valueRequired\":true,\"valueName\":\"search_term_string\"}}],\"inLanguage\":\"de\"}]}<\/script>\n<!-- \/ Yoast SEO plugin. -->","yoast_head_json":{"title":"Lage & Anreise - Th\u00fcringentherme","description":"Hier finden Sie Informationen, wie Sie uns am Besten erreichen. Nutzen Sie die Routenf\u00fchrung \u00fcber Google Maps.","robots":{"index":"index","follow":"follow","max-snippet":"max-snippet:-1","max-image-preview":"max-image-preview:large","max-video-preview":"max-video-preview:-1"},"canonical":"https:\/\/www.thueringentherme.de\/ci\/infos\/lage-anreise\/","og_locale":"de_DE","og_type":"article","og_title":"Lage & Anreise - Th\u00fcringentherme","og_description":"Hier finden Sie Informationen, wie Sie uns am Besten erreichen. Nutzen Sie die Routenf\u00fchrung \u00fcber Google Maps.","og_url":"https:\/\/www.thueringentherme.de\/ci\/infos\/lage-anreise\/","og_site_name":"Th\u00fcringentherme","article_modified_time":"2024-03-19T12:44:21+00:00","twitter_card":"summary_large_image","twitter_misc":{"Gesch\u00e4tzte Lesezeit":"4\u00a0Minuten"},"schema":{"@context":"https:\/\/schema.org","@graph":[{"@type":"WebPage","@id":"https:\/\/www.thueringentherme.de\/ci\/infos\/lage-anreise\/","url":"https:\/\/www.thueringentherme.de\/ci\/infos\/lage-anreise\/","name":"Lage & Anreise - Th\u00fcringentherme","isPartOf":{"@id":"https:\/\/www.thueringentherme.de\/ci\/#website"},"datePublished":"2022-12-12T09:05:29+00:00","dateModified":"2024-03-19T12:44:21+00:00","description":"Hier finden Sie Informationen, wie Sie uns am Besten erreichen. Nutzen Sie die Routenf\u00fchrung \u00fcber Google Maps.","breadcrumb":{"@id":"https:\/\/www.thueringentherme.de\/ci\/infos\/lage-anreise\/#breadcrumb"},"inLanguage":"de","potentialAction":[{"@type":"ReadAction","target":["https:\/\/www.thueringentherme.de\/ci\/infos\/lage-anreise\/"]}]},{"@type":"BreadcrumbList","@id":"https:\/\/www.thueringentherme.de\/ci\/infos\/lage-anreise\/#breadcrumb","itemListElement":[{"@type":"ListItem","position":1,"name":"Infos","item":"https:\/\/www.thueringentherme.de\/ci\/infos\/"},{"@type":"ListItem","position":2,"name":"Lage &#038; Anreise"}]},{"@type":"WebSite","@id":"https:\/\/www.thueringentherme.de\/ci\/#website","url":"https:\/\/www.thueringentherme.de\/ci\/","name":"Th\u00fcringentherme","description":"","potentialAction":[{"@type":"SearchAction","target":{"@type":"EntryPoint","urlTemplate":"https:\/\/www.thueringentherme.de\/ci\/?s={search_term_string}"},"query-input":{"@type":"PropertyValueSpecification","valueRequired":true,"valueName":"search_term_string"}}],"inLanguage":"de"}]}},"_links":{"self":[{"href":"https:\/\/www.thueringentherme.de\/ci\/wp-json\/wp\/v2\/pages\/1782","targetHints":{"allow":["GET"]}}],"collection":[{"href":"https:\/\/www.thueringentherme.de\/ci\/wp-json\/wp\/v2\/pages"}],"about":[{"href":"https:\/\/www.thueringentherme.de\/ci\/wp-json\/wp\/v2\/types\/page"}],"author":[{"embeddable":true,"href":"https:\/\/www.thueringentherme.de\/ci\/wp-json\/wp\/v2\/users\/1"}],"replies":[{"embeddable":true,"href":"https:\/\/www.thueringentherme.de\/ci\/wp-json\/wp\/v2\/comments?post=1782"}],"version-history":[{"count":33,"href":"https:\/\/www.thueringentherme.de\/ci\/wp-json\/wp\/v2\/pages\/1782\/revisions"}],"predecessor-version":[{"id":3376,"href":"https:\/\/www.thueringentherme.de\/ci\/wp-json\/wp\/v2\/pages\/1782\/revisions\/3376"}],"up":[{"embeddable":true,"href":"https:\/\/www.thueringentherme.de\/ci\/wp-json\/wp\/v2\/pages\/608"}],"wp:attachment":[{"href":"https:\/\/www.thueringentherme.de\/ci\/wp-json\/wp\/v2\/media?parent=1782"}],"wp:term":[{"taxonomy":"category","embeddable":true,"href":"https:\/\/www.thueringentherme.de\/ci\/wp-json\/wp\/v2\/categories?post=1782"},{"taxonomy":"post_tag","embeddable":true,"href":"https:\/\/www.thueringentherme.de\/ci\/wp-json\/wp\/v2\/tags?post=1782"}],"curies":[{"name":"wp","href":"https:\/\/api.w.org\/{rel}","templated":true}]}}