{"id":151,"date":"2021-11-18T11:41:41","date_gmt":"2021-11-18T10:41:41","guid":{"rendered":"https:\/\/thueringentherme.de\/ci\/?page_id=151"},"modified":"2025-09-08T12:56:18","modified_gmt":"2025-09-08T10:56:18","slug":"oeffnungszeiten-preise-therme","status":"publish","type":"page","link":"https:\/\/www.thueringentherme.de\/ci\/therme\/oeffnungszeiten-preise-therme\/","title":{"rendered":"\u00d6ffnungszeiten \/ Preise"},"content":{"rendered":"[et_pb_section fb_built=&#8221;1&#8243; _builder_version=&#8221;4.23&#8243; _module_preset=&#8221;default&#8221; background_image=&#8221;https:\/\/www.thueringentherme.de\/ci\/wp-content\/uploads\/2021\/11\/paralax_therme.jpg&#8221; custom_margin=&#8221;||-36px|||&#8221; custom_padding=&#8221;||35px|||&#8221; global_colors_info=&#8221;{}&#8221;][et_pb_row _builder_version=&#8221;4.23&#8243; _module_preset=&#8221;default&#8221; global_colors_info=&#8221;{}&#8221;][et_pb_column type=&#8221;4_4&#8243; _builder_version=&#8221;4.23&#8243; _module_preset=&#8221;default&#8221; global_colors_info=&#8221;{}&#8221;][et_pb_text _builder_version=&#8221;4.23&#8243; _module_preset=&#8221;default&#8221; header_font=&#8221;||||||||&#8221; header_text_color=&#8221;#FFFFFF&#8221; header_font_size=&#8221;80px&#8221; global_colors_info=&#8221;{}&#8221;]<h1 style=\"text-align: center;\"><strong>\u00d6ffnungszeiten und Preise- Therme<\/strong><\/h1>\n[\/et_pb_text][\/et_pb_column][\/et_pb_row][\/et_pb_section][et_pb_section fb_built=&#8221;1&#8243; _builder_version=&#8221;4.23&#8243; _module_preset=&#8221;default&#8221; global_colors_info=&#8221;{}&#8221;][\/et_pb_section][et_pb_section fb_built=&#8221;1&#8243; admin_label=&#8221;Content&#8221; _builder_version=&#8221;4.23&#8243; background_color=&#8221;#ffffff&#8221; max_width=&#8221;90%&#8221; max_width_tablet=&#8221;&#8221; max_width_phone=&#8221;100%&#8221; max_width_last_edited=&#8221;on|phone&#8221; min_height=&#8221;1641px&#8221; custom_margin=&#8221;15px|||||&#8221; custom_padding=&#8221;0px|||||&#8221; border_color_all=&#8221;#ffffff&#8221; border_width_left=&#8221;10vw&#8221; locked=&#8221;off&#8221; global_colors_info=&#8221;{}&#8221;][et_pb_row _builder_version=&#8221;4.16&#8243; custom_margin=&#8221;|auto|66px|auto||&#8221; global_colors_info=&#8221;{}&#8221;][et_pb_column type=&#8221;4_4&#8243; admin_label=&#8221;Spalte&#8221; _builder_version=&#8221;4.16&#8243; custom_padding=&#8221;|||&#8221; global_colors_info=&#8221;{}&#8221; custom_padding__hover=&#8221;|||&#8221;][et_pb_text _builder_version=&#8221;4.16&#8243; _module_preset=&#8221;f7d30f96-9654-4883-b182-47bc60251c61&#8243; text_letter_spacing=&#8221;1px&#8221; global_colors_info=&#8221;{}&#8221;]<h6>Therme<\/h6>\n<h2>\u00d6ffnungszeiten<\/h2>\n<p><span><\/span><\/p>\n[\/et_pb_text][\/et_pb_column][\/et_pb_row][et_pb_row column_structure=&#8221;1_3,1_3,1_3&#8243; _builder_version=&#8221;4.23&#8243; global_colors_info=&#8221;{}&#8221;][et_pb_column type=&#8221;1_3&#8243; admin_label=&#8221;Spalte&#8221; _builder_version=&#8221;4.16&#8243; custom_padding=&#8221;|||&#8221; global_colors_info=&#8221;{}&#8221; custom_padding__hover=&#8221;|||&#8221;][et_pb_blurb title=&#8221;Montag &#8211; Freitag&#8221; _builder_version=&#8221;4.23&#8243; header_level=&#8221;h5&#8243; header_font=&#8221;Raleway|700|||||||&#8221; header_font_size=&#8221;20px&#8221; header_line_height=&#8221;1.2em&#8221; body_font=&#8221;||||||||&#8221; body_line_height=&#8221;2em&#8221; global_colors_info=&#8221;{}&#8221;]<p><span>10:00 &#8211; 22:00 Uhr<\/span><\/p>\n<p>&nbsp;<\/p>\n[\/et_pb_blurb][\/et_pb_column][et_pb_column type=&#8221;1_3&#8243; _builder_version=&#8221;4.16&#8243; custom_padding=&#8221;|||&#8221; global_colors_info=&#8221;{}&#8221; custom_padding__hover=&#8221;|||&#8221;][et_pb_blurb title=&#8221;Samstag &#8211; Sonntag&#8221; _builder_version=&#8221;4.23&#8243; header_level=&#8221;h5&#8243; header_font=&#8221;Raleway|700|||||||&#8221; header_font_size=&#8221;20px&#8221; header_line_height=&#8221;1.2em&#8221; body_font=&#8221;||||||||&#8221; body_line_height=&#8221;2em&#8221; global_colors_info=&#8221;{}&#8221;]<p><span>09:00 &#8211; 22:00 Uhr<\/span><\/p>\n<p>&nbsp;<\/p>\n[\/et_pb_blurb][\/et_pb_column][et_pb_column type=&#8221;1_3&#8243; _builder_version=&#8221;4.16&#8243; custom_padding=&#8221;|||&#8221; global_colors_info=&#8221;{}&#8221; custom_padding__hover=&#8221;|||&#8221;][et_pb_blurb title=&#8221;geschlossen&#8221; _builder_version=&#8221;4.23&#8243; header_level=&#8221;h5&#8243; header_font=&#8221;Raleway|700|||||||&#8221; header_font_size=&#8221;20px&#8221; header_line_height=&#8221;1.2em&#8221; body_font=&#8221;||||||||&#8221; body_line_height=&#8221;2em&#8221; global_colors_info=&#8221;{}&#8221;]<p><span>24.12.\/25.12.\/31.12.<\/span><\/p>\n<p>01.01. ab 14:00 Uhr ge\u00f6ffnet<span><\/span><\/p>\n<p><span><\/span><\/p>\n[\/et_pb_blurb][\/et_pb_column][\/et_pb_row][et_pb_row column_structure=&#8221;1_3,1_3,1_3&#8243; _builder_version=&#8221;4.16&#8243; custom_margin=&#8221;40px|||&#8221; custom_padding=&#8221;60px|||&#8221; border_color_all=&#8221;#f5f5f5&#8243; border_width_top=&#8221;2px&#8221; locked=&#8221;off&#8221; global_colors_info=&#8221;{}&#8221;][et_pb_column type=&#8221;1_3&#8243; admin_label=&#8221;Spalte&#8221; _builder_version=&#8221;4.16&#8243; custom_padding=&#8221;|||&#8221; global_colors_info=&#8221;{}&#8221; custom_padding__hover=&#8221;|||&#8221;][et_pb_blurb title=&#8221;Fr\u00fchschwimmen&#8221; admin_label=&#8221;Informationstext&#8221; _builder_version=&#8221;4.19.4&#8243; header_level=&#8221;h5&#8243; header_font=&#8221;|700|||||||&#8221; header_font_size=&#8221;20px&#8221; header_line_height=&#8221;1.2em&#8221; body_font=&#8221;||||||||&#8221; body_line_height=&#8221;2em&#8221; custom_margin=&#8221;||10px|&#8221; custom_padding=&#8221;||||false|false&#8221; global_colors_info=&#8221;{}&#8221;]<h4><strong>Dienstag &#8211; Freitag<\/strong><\/h4>\n<p><span>ab 6:30 Uhr (au\u00dfer Feiertag)<\/span><br \/>__<br \/><span>W\u00e4hrend des Schulschwimmens<br \/><\/span><span>(Dienstag-Freitag von 8:00 &#8211; 10:00 Uhr)<br \/>sind die Schwimmm\u00f6glichkeiten zeitweise stark eingeschr\u00e4nkt!<\/span><\/p>\n[\/et_pb_blurb][\/et_pb_column][et_pb_column type=&#8221;1_3&#8243; _builder_version=&#8221;4.16&#8243; custom_padding=&#8221;|||&#8221; global_colors_info=&#8221;{}&#8221; custom_padding__hover=&#8221;|||&#8221;][et_pb_blurb title=&#8221;Vereinsschwimmen&#8221; admin_label=&#8221;Informationstext&#8221; _builder_version=&#8221;4.19.4&#8243; header_level=&#8221;h5&#8243; header_font=&#8221;Raleway|700|||||||&#8221; header_font_size=&#8221;20px&#8221; header_line_height=&#8221;1.2em&#8221; body_font=&#8221;||||||||&#8221; body_line_height=&#8221;2em&#8221; custom_margin=&#8221;||10px|&#8221; global_colors_info=&#8221;{}&#8221;]<h4><strong>Montag + Mittwoch<\/strong><\/h4>\n<p><span>ab 17:00 Uhr<\/span><br \/>\n__<\/p>\n<p>kein Wellenbetrieb keine Sprungturmbenutzung<\/p>\n[\/et_pb_blurb][\/et_pb_column][et_pb_column type=&#8221;1_3&#8243; _builder_version=&#8221;4.16&#8243; custom_padding=&#8221;|||&#8221; global_colors_info=&#8221;{}&#8221; custom_padding__hover=&#8221;|||&#8221;][et_pb_blurb title=&#8221;Seniorenschwimmen&#8221; admin_label=&#8221;Informationstext&#8221; _builder_version=&#8221;4.19.4&#8243; header_level=&#8221;h5&#8243; header_font=&#8221;Raleway|700|||||||&#8221; header_font_size=&#8221;20px&#8221; header_line_height=&#8221;1.2em&#8221; body_font=&#8221;||||||||&#8221; body_line_height=&#8221;2em&#8221; custom_margin=&#8221;||10px|&#8221; global_colors_info=&#8221;{}&#8221;]<h4><strong>Montag<\/strong><\/h4>\n<p>10:00 &#8211; 12:00 Uhr<\/p>\n[\/et_pb_blurb][\/et_pb_column][\/et_pb_row][et_pb_row column_structure=&#8221;1_2,1_2&#8243; _builder_version=&#8221;4.16&#8243; custom_margin=&#8221;40px|||&#8221; custom_padding=&#8221;60px|||&#8221; border_color_all=&#8221;#f5f5f5&#8243; border_width_top=&#8221;2px&#8221; locked=&#8221;off&#8221; global_colors_info=&#8221;{}&#8221;][et_pb_column type=&#8221;1_2&#8243; _builder_version=&#8221;4.16&#8243; custom_padding=&#8221;|||&#8221; global_colors_info=&#8221;{}&#8221; custom_padding__hover=&#8221;|||&#8221;][et_pb_blurb title=&#8221;Sportbecken mit Hubwand f\u00fcr Schwimmer&#8221; _builder_version=&#8221;4.19.4&#8243; header_level=&#8221;h5&#8243; header_font=&#8221;Raleway|700|||||||&#8221; header_font_size=&#8221;20px&#8221; header_line_height=&#8221;1.2em&#8221; body_font=&#8221;||||||||&#8221; body_line_height=&#8221;2em&#8221; custom_margin=&#8221;||10px|&#8221; global_colors_info=&#8221;{}&#8221;]<h4><strong> Dienstag + Donnerstag + Sonntag<\/strong><\/h4>\n<p>ab 20:00 Uhr<br \/>\n__<\/p>\n<h4><strong>Freitag + Samstag<\/strong><\/h4>\n<p>ab 21:00 Uhr<\/p>\n[\/et_pb_blurb][\/et_pb_column][et_pb_column type=&#8221;1_2&#8243; _builder_version=&#8221;4.16&#8243; _module_preset=&#8221;default&#8221; global_colors_info=&#8221;{}&#8221;][\/et_pb_column][\/et_pb_row][et_pb_row column_structure=&#8221;1_2,1_2&#8243; _builder_version=&#8221;4.16&#8243; custom_margin=&#8221;40px|||&#8221; custom_padding=&#8221;60px|||&#8221; border_color_all=&#8221;#f5f5f5&#8243; border_width_top=&#8221;2px&#8221; locked=&#8221;off&#8221; global_colors_info=&#8221;{}&#8221;][et_pb_column type=&#8221;1_2&#8243; _builder_version=&#8221;4.16&#8243; custom_padding=&#8221;|||&#8221; global_colors_info=&#8221;{}&#8221; custom_padding__hover=&#8221;|||&#8221;][et_pb_blurb title=&#8221;Wellenbetrieb&#8221; _builder_version=&#8221;4.20.2&#8243; header_level=&#8221;h5&#8243; header_font=&#8221;Raleway|700|||||||&#8221; header_font_size=&#8221;20px&#8221; header_line_height=&#8221;1.2em&#8221; body_font=&#8221;||||||||&#8221; body_line_height=&#8221;2em&#8221; custom_margin=&#8221;||10px|&#8221; global_colors_info=&#8221;{}&#8221;]<p>st\u00fcndlich<\/p>\n<p>11:30-19:30 Uhr<\/p>\n[\/et_pb_blurb][\/et_pb_column][et_pb_column type=&#8221;1_2&#8243; _builder_version=&#8221;4.16&#8243; custom_padding=&#8221;|||&#8221; global_colors_info=&#8221;{}&#8221; custom_padding__hover=&#8221;|||&#8221;][et_pb_blurb _builder_version=&#8221;4.16&#8243; header_level=&#8221;h5&#8243; header_font=&#8221;Raleway|700|||||||&#8221; header_font_size=&#8221;20px&#8221; header_line_height=&#8221;1.2em&#8221; body_font=&#8221;||||||||&#8221; body_line_height=&#8221;2em&#8221; custom_margin=&#8221;||10px|&#8221; global_colors_info=&#8221;{}&#8221;]<h3><\/h3>\n<p>\u00a0<span><br \/><\/span><\/p>\n<p><span><\/span><\/p>\n[\/et_pb_blurb][\/et_pb_column][\/et_pb_row][\/et_pb_section][et_pb_section fb_built=&#8221;1&#8243; fullwidth=&#8221;on&#8221; _builder_version=&#8221;4.16&#8243; _module_preset=&#8221;default&#8221; background_color=&#8221;RGBA(0,0,0,0)&#8221; use_background_color_gradient=&#8221;on&#8221; background_color_gradient_stops=&#8221;gcid-26b5330c-0812-4d1b-87df-f971b24a00c0 15%|#0c71c3 100%&#8221; background_color_gradient_start=&#8221;gcid-26b5330c-0812-4d1b-87df-f971b24a00c0&#8243; background_color_gradient_start_position=&#8221;15%&#8221; background_color_gradient_end=&#8221;#0c71c3&#8243; min_height=&#8221;133px&#8221; global_colors_info=&#8221;{%22gcid-26b5330c-0812-4d1b-87df-f971b24a00c0%22:%91%22colorStart%22%93}&#8221;][\/et_pb_section][et_pb_section fb_built=&#8221;1&#8243; module_id=&#8221;preise&#8221; _builder_version=&#8221;4.19.4&#8243; _module_preset=&#8221;default&#8221; max_width=&#8221;100%&#8221; module_alignment=&#8221;center&#8221; global_colors_info=&#8221;{}&#8221;][et_pb_row admin_label=&#8221;Zeile&#8221; _builder_version=&#8221;4.16&#8243; _module_preset=&#8221;default&#8221; global_colors_info=&#8221;{}&#8221;][et_pb_column type=&#8221;4_4&#8243; _builder_version=&#8221;4.16&#8243; _module_preset=&#8221;default&#8221; global_colors_info=&#8221;{}&#8221;][et_pb_text _builder_version=&#8221;4.20.2&#8243; _module_preset=&#8221;f7d30f96-9654-4883-b182-47bc60251c61&#8243; background_color=&#8221;#FFFFFF&#8221; custom_padding=&#8221;|233px||||&#8221; global_colors_info=&#8221;{}&#8221;]<h6>Therme<\/h6>\n<h2>Preise<\/h2>\n<p>&nbsp;<\/p>\n<p><span><\/span><\/p>\n[\/et_pb_text][\/et_pb_column][\/et_pb_row][et_pb_row column_structure=&#8221;1_2,1_2&#8243; admin_label=&#8221;Zeile&#8221; _builder_version=&#8221;4.16&#8243; _module_preset=&#8221;default&#8221; global_colors_info=&#8221;{}&#8221;][et_pb_column type=&#8221;1_2&#8243; _builder_version=&#8221;4.16&#8243; _module_preset=&#8221;default&#8221; global_colors_info=&#8221;{}&#8221;][et_pb_text admin_label=&#8221;Text&#8221; _builder_version=&#8221;4.20.2&#8243; _module_preset=&#8221;default&#8221; header_text_align=&#8221;left&#8221; width=&#8221;100%&#8221; module_alignment=&#8221;center&#8221; global_colors_info=&#8221;{}&#8221;]<dl>\n<dt>Kinder unter 100 cm<\/dt>\n<dd>frei<\/dd>\n<\/dl>\n<dl>\n<dd><\/dd>\n<\/dl>\n[\/et_pb_text][et_pb_text admin_label=&#8221;Text&#8221; _builder_version=&#8221;4.19.4&#8243; _module_preset=&#8221;default&#8221; header_text_align=&#8221;left&#8221; width=&#8221;100%&#8221; module_alignment=&#8221;center&#8221; global_colors_info=&#8221;{}&#8221;]<dl>\n<dt>erm\u00e4\u00dfigt<\/dt>\n<dt class=\"sub\">Kinder bis 14 Jahre, Sch\u00fcler und Studenten, Behinderte ab 50 %<br \/><small>(Ausweis\/ Nachweis erforderlich!)<\/small><\/dt>\n<dd>1,5 Std. \/ 5,00 \u20ac<\/dd>\n<dd>1,5 -4 Std. \/ 7,50 \u20ac<\/dd>\n<dd>Tag \/ 11,50 \u20ac<\/dd>\n<\/dl>\n[\/et_pb_text][et_pb_text admin_label=&#8221;Text&#8221; _builder_version=&#8221;4.19.4&#8243; _module_preset=&#8221;default&#8221; header_text_align=&#8221;left&#8221; width=&#8221;100%&#8221; module_alignment=&#8221;center&#8221; global_colors_info=&#8221;{}&#8221;]<dl>\n<dt>Erwachsene<\/dt>\n<dd>1 Std. \/ 5,50 \u20ac<\/dd>\n<dd>1,5 Std. \/ 7,00 \u20ac<\/dd>\n<dd>bis 4 Std. \/ 11,00 \u20ac<\/dd>\n<dd>Tag \/ 14,50 \u20ac<\/dd>\n<\/dl>\n[\/et_pb_text][\/et_pb_column][et_pb_column type=&#8221;1_2&#8243; _builder_version=&#8221;4.16&#8243; _module_preset=&#8221;default&#8221; global_colors_info=&#8221;{}&#8221;][et_pb_text admin_label=&#8221;Text&#8221; _builder_version=&#8221;4.20.2&#8243; _module_preset=&#8221;default&#8221; header_text_align=&#8221;left&#8221; width=&#8221;100%&#8221; module_alignment=&#8221;center&#8221; global_colors_info=&#8221;{}&#8221;]<dl>\n<dt>Gruppe ab 15 Personen<\/dt>\n<dt class=\"t2\">je Erwachsener<\/dt>\n<dd>4 Std. \/ 10,00 \u20ac<\/dd>\n<dd>\n<p>Tag \/ 13,50 \u20ac<\/p>\n<\/dd>\n<dt class=\"t2\">je Kind<\/dt>\n<dd>4 Std. \/ 6,50 \u20ac<\/dd>\n<dd>Tag \/ 11,00 \u20ac<\/dd>\n<\/dl>\n[\/et_pb_text][et_pb_text admin_label=&#8221;Text&#8221; _builder_version=&#8221;4.19.4&#8243; _module_preset=&#8221;default&#8221; header_text_align=&#8221;left&#8221; width=&#8221;100%&#8221; module_alignment=&#8221;center&#8221; global_colors_info=&#8221;{}&#8221;]<dl>\n<dt>Familienkarte<\/dt>\n<dt class=\"t2\">2 Erwachsene + 2 Kinder<\/dt>\n<dd>4 Std. \/ 33,00 \u20ac<\/dd>\n<dd>Tag \/ 42,00 \u20ac<\/dd>\n<dt class=\"t2\">Jedes weitere Kind<\/dt>\n<dd>4 Std. \/ 6,50 \u20ac<\/dd>\n<dd>Tag \/ 9,00 \u20ac<\/dd>\n<\/dl>\n[\/et_pb_text][et_pb_text _builder_version=&#8221;4.23&#8243; _module_preset=&#8221;default&#8221; text_font_size=&#8221;0.8em&#8221; global_colors_info=&#8221;{}&#8221;]<p><strong>Zuschl\u00e4ge: Bad zzgl. Sauna einmalig 6,00 \u20ac\/Person |\u00a0 Bad\/Aktiv zzgl. Sauna einmalig 8,70 \u20ac\/Person. Zuschl\u00e4ge werden nicht rabattiert.<\/strong><\/p>\n[\/et_pb_text][\/et_pb_column][\/et_pb_row][et_pb_row column_structure=&#8221;1_3,1_3,1_3&#8243; _builder_version=&#8221;4.23&#8243; _module_preset=&#8221;default&#8221; global_colors_info=&#8221;{}&#8221;][et_pb_column type=&#8221;1_3&#8243; _builder_version=&#8221;4.23&#8243; _module_preset=&#8221;default&#8221; global_colors_info=&#8221;{}&#8221;][\/et_pb_column][et_pb_column type=&#8221;1_3&#8243; _builder_version=&#8221;4.23&#8243; _module_preset=&#8221;default&#8221; global_colors_info=&#8221;{}&#8221;][et_pb_button button_url=&#8221;@ET-DC@eyJkeW5hbWljIjp0cnVlLCJjb250ZW50IjoicG9zdF9saW5rX3VybF9wYWdlIiwic2V0dGluZ3MiOnsicG9zdF9pZCI6IjYzOSJ9fQ==@&#8221; url_new_window=&#8221;on&#8221; button_text=&#8221;zu unseren Rabattkarten&#8221; _builder_version=&#8221;4.23&#8243; _dynamic_attributes=&#8221;button_url&#8221; _module_preset=&#8221;default&#8221; custom_button=&#8221;on&#8221; button_text_color=&#8221;#FFFFFF&#8221; button_bg_color=&#8221;#0C71C3&#8243; global_colors_info=&#8221;{}&#8221;][\/et_pb_button][\/et_pb_column][et_pb_column type=&#8221;1_3&#8243; _builder_version=&#8221;4.23&#8243; _module_preset=&#8221;default&#8221; global_colors_info=&#8221;{}&#8221;][\/et_pb_column][\/et_pb_row][\/et_pb_section]","protected":false},"excerpt":{"rendered":"<p>\u00d6ffnungszeiten und Preise- Therme Therme&#8230;<\/p>\n","protected":false},"author":1,"featured_media":0,"parent":65,"menu_order":81,"comment_status":"closed","ping_status":"closed","template":"","meta":{"_custom_body_class":"","_custom_post_class":"","_et_pb_use_builder":"on","_et_pb_old_content":"","_et_gb_content_width":"","footnotes":""},"categories":[],"tags":[],"class_list":["post-151","page","type-page","status-publish","hentry"],"yoast_head":"<!-- This site is optimized with the Yoast SEO plugin v27.4 - https:\/\/yoast.com\/product\/yoast-seo-wordpress\/ -->\n<title>\u00d6ffnungszeiten \/ Preise - Th\u00fcringentherme<\/title>\n<meta name=\"description\" content=\"Hier finden Sie eine \u00dcbersicht zu den \u00d6ffnungszeiten und zu den Preisen unserer Badelandschaft in der Th\u00fcringentherme.\" \/>\n<meta name=\"robots\" content=\"index, follow, max-snippet:-1, max-image-preview:large, max-video-preview:-1\" \/>\n<link rel=\"canonical\" href=\"https:\/\/www.thueringentherme.de\/ci\/therme\/oeffnungszeiten-preise-therme\/\" \/>\n<meta property=\"og:locale\" content=\"de_DE\" \/>\n<meta property=\"og:type\" content=\"article\" \/>\n<meta property=\"og:title\" content=\"\u00d6ffnungszeiten \/ Preise - Th\u00fcringentherme\" \/>\n<meta property=\"og:description\" content=\"Hier finden Sie eine \u00dcbersicht zu den \u00d6ffnungszeiten und zu den Preisen unserer Badelandschaft in der Th\u00fcringentherme.\" \/>\n<meta property=\"og:url\" content=\"https:\/\/www.thueringentherme.de\/ci\/therme\/oeffnungszeiten-preise-therme\/\" \/>\n<meta property=\"og:site_name\" content=\"Th\u00fcringentherme\" \/>\n<meta property=\"article:modified_time\" content=\"2025-09-08T10:56:18+00:00\" \/>\n<meta name=\"twitter:card\" content=\"summary_large_image\" \/>\n<meta name=\"twitter:label1\" content=\"Gesch\u00e4tzte Lesezeit\" \/>\n\t<meta name=\"twitter:data1\" content=\"2\u00a0Minuten\" \/>\n<script type=\"application\/ld+json\" class=\"yoast-schema-graph\">{\"@context\":\"https:\\\/\\\/schema.org\",\"@graph\":[{\"@type\":\"WebPage\",\"@id\":\"https:\\\/\\\/www.thueringentherme.de\\\/ci\\\/therme\\\/oeffnungszeiten-preise-therme\\\/\",\"url\":\"https:\\\/\\\/www.thueringentherme.de\\\/ci\\\/therme\\\/oeffnungszeiten-preise-therme\\\/\",\"name\":\"\u00d6ffnungszeiten \\\/ Preise - Th\u00fcringentherme\",\"isPartOf\":{\"@id\":\"https:\\\/\\\/www.thueringentherme.de\\\/ci\\\/#website\"},\"datePublished\":\"2021-11-18T10:41:41+00:00\",\"dateModified\":\"2025-09-08T10:56:18+00:00\",\"description\":\"Hier finden Sie eine \u00dcbersicht zu den \u00d6ffnungszeiten und zu den Preisen unserer Badelandschaft in der Th\u00fcringentherme.\",\"breadcrumb\":{\"@id\":\"https:\\\/\\\/www.thueringentherme.de\\\/ci\\\/therme\\\/oeffnungszeiten-preise-therme\\\/#breadcrumb\"},\"inLanguage\":\"de\",\"potentialAction\":[{\"@type\":\"ReadAction\",\"target\":[\"https:\\\/\\\/www.thueringentherme.de\\\/ci\\\/therme\\\/oeffnungszeiten-preise-therme\\\/\"]}]},{\"@type\":\"BreadcrumbList\",\"@id\":\"https:\\\/\\\/www.thueringentherme.de\\\/ci\\\/therme\\\/oeffnungszeiten-preise-therme\\\/#breadcrumb\",\"itemListElement\":[{\"@type\":\"ListItem\",\"position\":1,\"name\":\"Therme\",\"item\":\"https:\\\/\\\/www.thueringentherme.de\\\/ci\\\/therme\\\/\"},{\"@type\":\"ListItem\",\"position\":2,\"name\":\"\u00d6ffnungszeiten \\\/ Preise\"}]},{\"@type\":\"WebSite\",\"@id\":\"https:\\\/\\\/www.thueringentherme.de\\\/ci\\\/#website\",\"url\":\"https:\\\/\\\/www.thueringentherme.de\\\/ci\\\/\",\"name\":\"Th\u00fcringentherme\",\"description\":\"\",\"potentialAction\":[{\"@type\":\"SearchAction\",\"target\":{\"@type\":\"EntryPoint\",\"urlTemplate\":\"https:\\\/\\\/www.thueringentherme.de\\\/ci\\\/?s={search_term_string}\"},\"query-input\":{\"@type\":\"PropertyValueSpecification\",\"valueRequired\":true,\"valueName\":\"search_term_string\"}}],\"inLanguage\":\"de\"}]}<\/script>\n<!-- \/ Yoast SEO plugin. -->","yoast_head_json":{"title":"\u00d6ffnungszeiten \/ Preise - Th\u00fcringentherme","description":"Hier finden Sie eine \u00dcbersicht zu den \u00d6ffnungszeiten und zu den Preisen unserer Badelandschaft in der Th\u00fcringentherme.","robots":{"index":"index","follow":"follow","max-snippet":"max-snippet:-1","max-image-preview":"max-image-preview:large","max-video-preview":"max-video-preview:-1"},"canonical":"https:\/\/www.thueringentherme.de\/ci\/therme\/oeffnungszeiten-preise-therme\/","og_locale":"de_DE","og_type":"article","og_title":"\u00d6ffnungszeiten \/ Preise - Th\u00fcringentherme","og_description":"Hier finden Sie eine \u00dcbersicht zu den \u00d6ffnungszeiten und zu den Preisen unserer Badelandschaft in der Th\u00fcringentherme.","og_url":"https:\/\/www.thueringentherme.de\/ci\/therme\/oeffnungszeiten-preise-therme\/","og_site_name":"Th\u00fcringentherme","article_modified_time":"2025-09-08T10:56:18+00:00","twitter_card":"summary_large_image","twitter_misc":{"Gesch\u00e4tzte Lesezeit":"2\u00a0Minuten"},"schema":{"@context":"https:\/\/schema.org","@graph":[{"@type":"WebPage","@id":"https:\/\/www.thueringentherme.de\/ci\/therme\/oeffnungszeiten-preise-therme\/","url":"https:\/\/www.thueringentherme.de\/ci\/therme\/oeffnungszeiten-preise-therme\/","name":"\u00d6ffnungszeiten \/ Preise - Th\u00fcringentherme","isPartOf":{"@id":"https:\/\/www.thueringentherme.de\/ci\/#website"},"datePublished":"2021-11-18T10:41:41+00:00","dateModified":"2025-09-08T10:56:18+00:00","description":"Hier finden Sie eine \u00dcbersicht zu den \u00d6ffnungszeiten und zu den Preisen unserer Badelandschaft in der Th\u00fcringentherme.","breadcrumb":{"@id":"https:\/\/www.thueringentherme.de\/ci\/therme\/oeffnungszeiten-preise-therme\/#breadcrumb"},"inLanguage":"de","potentialAction":[{"@type":"ReadAction","target":["https:\/\/www.thueringentherme.de\/ci\/therme\/oeffnungszeiten-preise-therme\/"]}]},{"@type":"BreadcrumbList","@id":"https:\/\/www.thueringentherme.de\/ci\/therme\/oeffnungszeiten-preise-therme\/#breadcrumb","itemListElement":[{"@type":"ListItem","position":1,"name":"Therme","item":"https:\/\/www.thueringentherme.de\/ci\/therme\/"},{"@type":"ListItem","position":2,"name":"\u00d6ffnungszeiten \/ Preise"}]},{"@type":"WebSite","@id":"https:\/\/www.thueringentherme.de\/ci\/#website","url":"https:\/\/www.thueringentherme.de\/ci\/","name":"Th\u00fcringentherme","description":"","potentialAction":[{"@type":"SearchAction","target":{"@type":"EntryPoint","urlTemplate":"https:\/\/www.thueringentherme.de\/ci\/?s={search_term_string}"},"query-input":{"@type":"PropertyValueSpecification","valueRequired":true,"valueName":"search_term_string"}}],"inLanguage":"de"}]}},"_links":{"self":[{"href":"https:\/\/www.thueringentherme.de\/ci\/wp-json\/wp\/v2\/pages\/151","targetHints":{"allow":["GET"]}}],"collection":[{"href":"https:\/\/www.thueringentherme.de\/ci\/wp-json\/wp\/v2\/pages"}],"about":[{"href":"https:\/\/www.thueringentherme.de\/ci\/wp-json\/wp\/v2\/types\/page"}],"author":[{"embeddable":true,"href":"https:\/\/www.thueringentherme.de\/ci\/wp-json\/wp\/v2\/users\/1"}],"replies":[{"embeddable":true,"href":"https:\/\/www.thueringentherme.de\/ci\/wp-json\/wp\/v2\/comments?post=151"}],"version-history":[{"count":58,"href":"https:\/\/www.thueringentherme.de\/ci\/wp-json\/wp\/v2\/pages\/151\/revisions"}],"predecessor-version":[{"id":4413,"href":"https:\/\/www.thueringentherme.de\/ci\/wp-json\/wp\/v2\/pages\/151\/revisions\/4413"}],"up":[{"embeddable":true,"href":"https:\/\/www.thueringentherme.de\/ci\/wp-json\/wp\/v2\/pages\/65"}],"wp:attachment":[{"href":"https:\/\/www.thueringentherme.de\/ci\/wp-json\/wp\/v2\/media?parent=151"}],"wp:term":[{"taxonomy":"category","embeddable":true,"href":"https:\/\/www.thueringentherme.de\/ci\/wp-json\/wp\/v2\/categories?post=151"},{"taxonomy":"post_tag","embeddable":true,"href":"https:\/\/www.thueringentherme.de\/ci\/wp-json\/wp\/v2\/tags?post=151"}],"curies":[{"name":"wp","href":"https:\/\/api.w.org\/{rel}","templated":true}]}}