{"id":1167,"date":"2022-01-28T09:52:49","date_gmt":"2022-01-28T08:52:49","guid":{"rendered":"https:\/\/www.thueringentherme.de\/ci\/?page_id=1167"},"modified":"2025-05-09T07:37:22","modified_gmt":"2025-05-09T05:37:22","slug":"aquafit-for-teens-kind-10-14-jahre","status":"publish","type":"page","link":"https:\/\/www.thueringentherme.de\/ci\/kurse\/bewegungskurse-kinder-kurse-auf-anfrage-2\/aquafit-for-teens-kind-10-14-jahre\/","title":{"rendered":"Aquafit for Teens &#8211; Kind (10-14 Jahre)"},"content":{"rendered":"[et_pb_section fb_built=&#8221;1&#8243; _builder_version=&#8221;4.23&#8243; _module_preset=&#8221;default&#8221; background_image=&#8221;https:\/\/www.thueringentherme.de\/ci\/wp-content\/uploads\/2022\/02\/5.jpg&#8221; custom_padding=&#8221;||115px|||&#8221; global_colors_info=&#8221;{}&#8221;][et_pb_row _builder_version=&#8221;4.23&#8243; _module_preset=&#8221;default&#8221; global_colors_info=&#8221;{}&#8221;][et_pb_column type=&#8221;4_4&#8243; _builder_version=&#8221;4.23&#8243; _module_preset=&#8221;default&#8221; global_colors_info=&#8221;{}&#8221;][et_pb_text _builder_version=&#8221;4.23&#8243; _module_preset=&#8221;default&#8221; header_font=&#8221;||||||||&#8221; header_text_color=&#8221;#FFFFFF&#8221; header_font_size=&#8221;80px&#8221; global_colors_info=&#8221;{}&#8221;]<h1 style=\"text-align: center;\"><strong>Aquafit for Teens<\/strong><\/h1>\n[\/et_pb_text][\/et_pb_column][\/et_pb_row][\/et_pb_section][et_pb_section fb_built=&#8221;1&#8243; _builder_version=&#8221;4.16&#8243; _module_preset=&#8221;default&#8221; custom_margin=&#8221;||100px||false|false&#8221; custom_padding=&#8221;0px||0px|||&#8221; global_colors_info=&#8221;{}&#8221;][et_pb_row _builder_version=&#8221;4.16&#8243; _module_preset=&#8221;default&#8221; min_height=&#8221;1019px&#8221; custom_padding=&#8221;53px||0px|||&#8221; global_colors_info=&#8221;{}&#8221;][et_pb_column type=&#8221;4_4&#8243; _builder_version=&#8221;4.16&#8243; _module_preset=&#8221;default&#8221; global_colors_info=&#8221;{}&#8221;][et_pb_text _builder_version=&#8221;4.16&#8243; _module_preset=&#8221;default&#8221; text_text_color=&#8221;gcid-9df6b95b-a8e5-4eba-a40d-b56f496d10e8&#8243; header_3_text_color=&#8221;gcid-e9ce0b7f-a543-4779-9e87-697b3b1b8a44&#8243; global_colors_info=&#8221;{%22gcid-9df6b95b-a8e5-4eba-a40d-b56f496d10e8%22:%91%22text_text_color%22%93,%22gcid-e9ce0b7f-a543-4779-9e87-697b3b1b8a44%22:%91%22header_3_text_color%22%93}&#8221;]<h1><span><strong>Aquafit for Teens<\/strong><\/span><\/h1>\n<h3><strong>Kind (10-14 Jahre)<\/strong><\/h3>\n[\/et_pb_text][et_pb_text _builder_version=&#8221;4.23&#8243; _module_preset=&#8221;default&#8221; custom_padding=&#8221;|||2px||&#8221; global_colors_info=&#8221;{}&#8221;]<p>Die gemeinsame, aktive Bewegung mit gleichaltrigen Teens im Wasser steht hier im Fokus. Dieser Kurs ist spiel- und freudebetont aufgebaut und wird mit verschiedenen \u00dcbungs- und Spielger\u00e4ten unterlegt. Die Koordination und Ausdauer der Teens wird geschult und das Muskelskelett- und Herz-Kreislaufsystem gest\u00e4rkt.\u00a0\u00a0<span><\/span><\/p>\n<p>Das Vertrauen der Kinder in das Element Wasser wird weiter ausgebaut und das selbst\u00e4ndige Schwimmen wird trainiert. Auch Tauchen und der Sprung ins Wasser sind Bestandteile des Kursprogramms sowie alles was Spa\u00df macht und die Kinder zur k\u00f6rperlichen Aktivit\u00e4t anregt.<\/p>\n<p><span style=\"font-size: small;\"><span><span style=\"font-size: large;\">Vor Beginn der Kurse finden Infoveranstaltungen im Restaurant \u201eZur Quelle\u201c der TH\u00dcRINGENTHERME statt. Eine Teilnahme ist dringend notwendig. Hier werden alle Formalit\u00e4ten abgekl\u00e4rt und alle wichtigen Informationen vermittelt, die den Kurs f\u00fcr Ihr Kind zu einem sicheren und sch\u00f6nen Erlebnis machen<\/span>.<\/span><\/span><\/p>\n<p><strong>Weitere Informationen zu den Kursterminen und zur Anmeldung erhalten Sie unter 03601 4012-63.<\/strong><\/p>\n<p><strong><\/strong><\/p>\n<p style=\"text-align: right;\"><span>\u00a0<\/span> <span>Kurs-Angebot<\/span><br \/><span>Preis:\u00a0<strong>85<\/strong><\/span><strong>,00\u20ac<br \/><\/strong><span><span style=\"font-size: small;\">+3,00\u20ac Pfand f\u00fcr Aktivkarte<\/span><br \/><\/span><strong>\u00a0 \u00a0 \u00a0 \u00a0 \u00a0 \u00a0 \u00a0 \u00a0 \u00a0 \u00a0 \u00a0 \u00a0 \u00a0 \u00a0 \u00a0 \u00a0 \u00a0 \u00a0 \u00a0 \u00a0 \u00a0 \u00a0 \u00a0 \u00a0 \u00a0 \u00a0 \u00a0 \u00a0 \u00a0 \u00a0 \u00a0 \u00a0 \u00a0 \u00a0 \u00a0 \u00a0 \u00a0 \u00a0 \u00a0 \u00a0 \u00a0 \u00a0 \u00a0 <span style=\"font-size: small;\">8 Einheiten \u00e1 45-Minuten<\/span><\/strong><span><\/span><span><\/span><\/p>\n<p style=\"text-align: right;\"><strong><span style=\"font-size: small;\"><\/span><\/strong><\/p>\n<p>__________<\/p>\n<p><span style=\"font-size: small;\"><strong>+ 1 Stunde freier Aufenthalt in der Th\u00fcringentherme<\/strong><\/span><strong><\/strong><strong><\/strong><strong><\/strong><\/p>\n<p><strong><\/strong><\/p>\n[\/et_pb_text][\/et_pb_column][\/et_pb_row][\/et_pb_section]","protected":false},"excerpt":{"rendered":"<p>Aquafit for Teens Aquafit for Teens Kind (10-14&#8230;<\/p>\n","protected":false},"author":1,"featured_media":0,"parent":951,"menu_order":49,"comment_status":"closed","ping_status":"closed","template":"","meta":{"_custom_body_class":"kurse","_custom_post_class":"","_et_pb_use_builder":"on","_et_pb_old_content":"<!-- wp:divi\/placeholder \/-->","_et_gb_content_width":"","footnotes":""},"categories":[],"tags":[],"class_list":["post-1167","page","type-page","status-publish","hentry"],"yoast_head":"<!-- This site is optimized with the Yoast SEO plugin v27.4 - https:\/\/yoast.com\/product\/yoast-seo-wordpress\/ -->\n<title>Aquafit for Teens - Kind (10-14 Jahre) - Th\u00fcringentherme<\/title>\n<meta name=\"description\" content=\"Ob Schwimmschule f\u00fcr Kinder oder Babyschwimmen, hier finden Sie die Informationen und Preise f\u00fcr die jeweiligen Kursangebote.\" \/>\n<meta name=\"robots\" content=\"index, follow, max-snippet:-1, max-image-preview:large, max-video-preview:-1\" \/>\n<link rel=\"canonical\" href=\"https:\/\/www.thueringentherme.de\/ci\/kurse\/bewegungskurse-kinder-kurse-auf-anfrage-2\/aquafit-for-teens-kind-10-14-jahre\/\" \/>\n<meta property=\"og:locale\" content=\"de_DE\" \/>\n<meta property=\"og:type\" content=\"article\" \/>\n<meta property=\"og:title\" content=\"Aquafit for Teens - Kind (10-14 Jahre) - Th\u00fcringentherme\" \/>\n<meta property=\"og:description\" content=\"Ob Schwimmschule f\u00fcr Kinder oder Babyschwimmen, hier finden Sie die Informationen und Preise f\u00fcr die jeweiligen Kursangebote.\" \/>\n<meta property=\"og:url\" content=\"https:\/\/www.thueringentherme.de\/ci\/kurse\/bewegungskurse-kinder-kurse-auf-anfrage-2\/aquafit-for-teens-kind-10-14-jahre\/\" \/>\n<meta property=\"og:site_name\" content=\"Th\u00fcringentherme\" \/>\n<meta property=\"article:modified_time\" content=\"2025-05-09T05:37:22+00:00\" \/>\n<meta name=\"twitter:card\" content=\"summary_large_image\" \/>\n<meta name=\"twitter:label1\" content=\"Gesch\u00e4tzte Lesezeit\" \/>\n\t<meta name=\"twitter:data1\" content=\"1\u00a0Minute\" \/>\n<script type=\"application\/ld+json\" class=\"yoast-schema-graph\">{\"@context\":\"https:\\\/\\\/schema.org\",\"@graph\":[{\"@type\":\"WebPage\",\"@id\":\"https:\\\/\\\/www.thueringentherme.de\\\/ci\\\/kurse\\\/bewegungskurse-kinder-kurse-auf-anfrage-2\\\/aquafit-for-teens-kind-10-14-jahre\\\/\",\"url\":\"https:\\\/\\\/www.thueringentherme.de\\\/ci\\\/kurse\\\/bewegungskurse-kinder-kurse-auf-anfrage-2\\\/aquafit-for-teens-kind-10-14-jahre\\\/\",\"name\":\"Aquafit for Teens - Kind (10-14 Jahre) - Th\u00fcringentherme\",\"isPartOf\":{\"@id\":\"https:\\\/\\\/www.thueringentherme.de\\\/ci\\\/#website\"},\"datePublished\":\"2022-01-28T08:52:49+00:00\",\"dateModified\":\"2025-05-09T05:37:22+00:00\",\"description\":\"Ob Schwimmschule f\u00fcr Kinder oder Babyschwimmen, hier finden Sie die Informationen und Preise f\u00fcr die jeweiligen Kursangebote.\",\"breadcrumb\":{\"@id\":\"https:\\\/\\\/www.thueringentherme.de\\\/ci\\\/kurse\\\/bewegungskurse-kinder-kurse-auf-anfrage-2\\\/aquafit-for-teens-kind-10-14-jahre\\\/#breadcrumb\"},\"inLanguage\":\"de\",\"potentialAction\":[{\"@type\":\"ReadAction\",\"target\":[\"https:\\\/\\\/www.thueringentherme.de\\\/ci\\\/kurse\\\/bewegungskurse-kinder-kurse-auf-anfrage-2\\\/aquafit-for-teens-kind-10-14-jahre\\\/\"]}]},{\"@type\":\"BreadcrumbList\",\"@id\":\"https:\\\/\\\/www.thueringentherme.de\\\/ci\\\/kurse\\\/bewegungskurse-kinder-kurse-auf-anfrage-2\\\/aquafit-for-teens-kind-10-14-jahre\\\/#breadcrumb\",\"itemListElement\":[{\"@type\":\"ListItem\",\"position\":1,\"name\":\"Kurse\",\"item\":\"https:\\\/\\\/www.thueringentherme.de\\\/ci\\\/kurse\\\/\"},{\"@type\":\"ListItem\",\"position\":2,\"name\":\"Bewegungskurse Kinder- Kurse auf Anfrage\",\"item\":\"https:\\\/\\\/www.thueringentherme.de\\\/ci\\\/?page_id=951\"},{\"@type\":\"ListItem\",\"position\":3,\"name\":\"Aquafit for Teens &#8211; Kind (10-14 Jahre)\"}]},{\"@type\":\"WebSite\",\"@id\":\"https:\\\/\\\/www.thueringentherme.de\\\/ci\\\/#website\",\"url\":\"https:\\\/\\\/www.thueringentherme.de\\\/ci\\\/\",\"name\":\"Th\u00fcringentherme\",\"description\":\"\",\"potentialAction\":[{\"@type\":\"SearchAction\",\"target\":{\"@type\":\"EntryPoint\",\"urlTemplate\":\"https:\\\/\\\/www.thueringentherme.de\\\/ci\\\/?s={search_term_string}\"},\"query-input\":{\"@type\":\"PropertyValueSpecification\",\"valueRequired\":true,\"valueName\":\"search_term_string\"}}],\"inLanguage\":\"de\"}]}<\/script>\n<!-- \/ Yoast SEO plugin. -->","yoast_head_json":{"title":"Aquafit for Teens - Kind (10-14 Jahre) - Th\u00fcringentherme","description":"Ob Schwimmschule f\u00fcr Kinder oder Babyschwimmen, hier finden Sie die Informationen und Preise f\u00fcr die jeweiligen Kursangebote.","robots":{"index":"index","follow":"follow","max-snippet":"max-snippet:-1","max-image-preview":"max-image-preview:large","max-video-preview":"max-video-preview:-1"},"canonical":"https:\/\/www.thueringentherme.de\/ci\/kurse\/bewegungskurse-kinder-kurse-auf-anfrage-2\/aquafit-for-teens-kind-10-14-jahre\/","og_locale":"de_DE","og_type":"article","og_title":"Aquafit for Teens - Kind (10-14 Jahre) - Th\u00fcringentherme","og_description":"Ob Schwimmschule f\u00fcr Kinder oder Babyschwimmen, hier finden Sie die Informationen und Preise f\u00fcr die jeweiligen Kursangebote.","og_url":"https:\/\/www.thueringentherme.de\/ci\/kurse\/bewegungskurse-kinder-kurse-auf-anfrage-2\/aquafit-for-teens-kind-10-14-jahre\/","og_site_name":"Th\u00fcringentherme","article_modified_time":"2025-05-09T05:37:22+00:00","twitter_card":"summary_large_image","twitter_misc":{"Gesch\u00e4tzte Lesezeit":"1\u00a0Minute"},"schema":{"@context":"https:\/\/schema.org","@graph":[{"@type":"WebPage","@id":"https:\/\/www.thueringentherme.de\/ci\/kurse\/bewegungskurse-kinder-kurse-auf-anfrage-2\/aquafit-for-teens-kind-10-14-jahre\/","url":"https:\/\/www.thueringentherme.de\/ci\/kurse\/bewegungskurse-kinder-kurse-auf-anfrage-2\/aquafit-for-teens-kind-10-14-jahre\/","name":"Aquafit for Teens - Kind (10-14 Jahre) - Th\u00fcringentherme","isPartOf":{"@id":"https:\/\/www.thueringentherme.de\/ci\/#website"},"datePublished":"2022-01-28T08:52:49+00:00","dateModified":"2025-05-09T05:37:22+00:00","description":"Ob Schwimmschule f\u00fcr Kinder oder Babyschwimmen, hier finden Sie die Informationen und Preise f\u00fcr die jeweiligen Kursangebote.","breadcrumb":{"@id":"https:\/\/www.thueringentherme.de\/ci\/kurse\/bewegungskurse-kinder-kurse-auf-anfrage-2\/aquafit-for-teens-kind-10-14-jahre\/#breadcrumb"},"inLanguage":"de","potentialAction":[{"@type":"ReadAction","target":["https:\/\/www.thueringentherme.de\/ci\/kurse\/bewegungskurse-kinder-kurse-auf-anfrage-2\/aquafit-for-teens-kind-10-14-jahre\/"]}]},{"@type":"BreadcrumbList","@id":"https:\/\/www.thueringentherme.de\/ci\/kurse\/bewegungskurse-kinder-kurse-auf-anfrage-2\/aquafit-for-teens-kind-10-14-jahre\/#breadcrumb","itemListElement":[{"@type":"ListItem","position":1,"name":"Kurse","item":"https:\/\/www.thueringentherme.de\/ci\/kurse\/"},{"@type":"ListItem","position":2,"name":"Bewegungskurse Kinder- Kurse auf Anfrage","item":"https:\/\/www.thueringentherme.de\/ci\/?page_id=951"},{"@type":"ListItem","position":3,"name":"Aquafit for Teens &#8211; Kind (10-14 Jahre)"}]},{"@type":"WebSite","@id":"https:\/\/www.thueringentherme.de\/ci\/#website","url":"https:\/\/www.thueringentherme.de\/ci\/","name":"Th\u00fcringentherme","description":"","potentialAction":[{"@type":"SearchAction","target":{"@type":"EntryPoint","urlTemplate":"https:\/\/www.thueringentherme.de\/ci\/?s={search_term_string}"},"query-input":{"@type":"PropertyValueSpecification","valueRequired":true,"valueName":"search_term_string"}}],"inLanguage":"de"}]}},"_links":{"self":[{"href":"https:\/\/www.thueringentherme.de\/ci\/wp-json\/wp\/v2\/pages\/1167","targetHints":{"allow":["GET"]}}],"collection":[{"href":"https:\/\/www.thueringentherme.de\/ci\/wp-json\/wp\/v2\/pages"}],"about":[{"href":"https:\/\/www.thueringentherme.de\/ci\/wp-json\/wp\/v2\/types\/page"}],"author":[{"embeddable":true,"href":"https:\/\/www.thueringentherme.de\/ci\/wp-json\/wp\/v2\/users\/1"}],"replies":[{"embeddable":true,"href":"https:\/\/www.thueringentherme.de\/ci\/wp-json\/wp\/v2\/comments?post=1167"}],"version-history":[{"count":14,"href":"https:\/\/www.thueringentherme.de\/ci\/wp-json\/wp\/v2\/pages\/1167\/revisions"}],"predecessor-version":[{"id":4277,"href":"https:\/\/www.thueringentherme.de\/ci\/wp-json\/wp\/v2\/pages\/1167\/revisions\/4277"}],"up":[{"embeddable":true,"href":"https:\/\/www.thueringentherme.de\/ci\/wp-json\/wp\/v2\/pages\/951"}],"wp:attachment":[{"href":"https:\/\/www.thueringentherme.de\/ci\/wp-json\/wp\/v2\/media?parent=1167"}],"wp:term":[{"taxonomy":"category","embeddable":true,"href":"https:\/\/www.thueringentherme.de\/ci\/wp-json\/wp\/v2\/categories?post=1167"},{"taxonomy":"post_tag","embeddable":true,"href":"https:\/\/www.thueringentherme.de\/ci\/wp-json\/wp\/v2\/tags?post=1167"}],"curies":[{"name":"wp","href":"https:\/\/api.w.org\/{rel}","templated":true}]}}